{"id":4052,"date":"2023-07-09T13:45:54","date_gmt":"2023-07-09T13:45:54","guid":{"rendered":"https:\/\/arsenie.viatadeapoi.ro\/?page_id=4052"},"modified":"2024-09-17T09:37:43","modified_gmt":"2024-09-17T09:37:43","slug":"fenomenul-arsenie-boca","status":"publish","type":"page","link":"https:\/\/arsenie.viatadeapoi.ro\/?page_id=4052","title":{"rendered":"Fenomenul Arsenie Boca"},"content":{"rendered":"<section class=\"wpb-content-wrapper\"><p>[vc_row content_placement=&#8221;top&#8221; css=&#8221;.vc_custom_1689366066201{margin-top: -30vh !important;}&#8221;][vc_column css=&#8221;.vc_custom_1701113973640{margin-top: 20vh !important;}&#8221;]<div class=\"gt-heading gt-custom gt-light gt-align-left\"><div class=\"gt-subtitle\" style=\"line-height: 4;margin: 2;color: #d62300;\">Aici un scurt documentar cu primul jurnalist care a scris despre Arsenie Boca dupa 1989:<\/div><p class=\"gt-text\" style=\"\">\u0218i totu\u0219i cum s-a ajuns aici, de ce un p\u0103rinte \u00eendep\u0103rtat din m\u0103n\u0103stire \u00een 1959, despre care nu s-a vorbit public aproape deloc timp de 40 de ani, devine \u201epeste noapte\u201d o figur\u0103 salvatoare de prim\u0103 m\u0103rime nu numai \u00een sud-vestul Transilvaniei, unde a fost activ, ci \u00een \u00eentreaga Rom\u00e2nie? Vom \u00eencerca s\u0103 mergem \u00eenapoi pe firul faptelor c\u0103tre anii 1999-2000 c\u00e2nd apar primele articole despre Arsenie Boca. sprijini\u021bi de jurnalistul care a fost implicat \u00een redescoperirea acestei figuri. Vom \u00eencerca s\u0103 \u00een\u021belegem al\u0103turi de el de ce a c\u00e2\u0219tigat Arsenie Boca competi\u021bia cu oricare dintre ceilal\u021bi monahi despre care se vorbea intens \u00een anii 90, care au \u0219i ast\u0103zi aura lor, dar au r\u0103mas \u00een urm\u0103 \u00eentre timp. Ce avea Arsenie Boca \u00een plus? \/ Un bonus al filmului \u201eArsenie. Via\u021ba de apoi\u201d Regia: Alexandru Solomon \/ Imaginea: Tudor Platon \/ Filmat \u00een 2021 \/ 21 minute.<\/p><\/div><div class=\"gt-heading gt-custom gt-light gt-align-left\"><div class=\"gt-subtitle\" style=\"line-height: 4;margin: 2;color: #d62300;\">Watch here a video-dialogue with the first journalist that wrote about Arsenie Boca after 1989.<\/div><p class=\"gt-text\" style=\"\">At the beginning of 1999, Ilie Tudor published the first article about Arsenie Boca in the Romanian central press. This was long before pilgrimages to Prislop became a mass phenomenon and the church accepted him. In this dialogue with Ilie Tudor, we understand how Arsenie Boca became a national landmark, but also how the experience of those years and the dramatic life trials he went through changed the young journalist at the time. \/ A bonus of the film ``Arsenie. An Amazing Afterlife`` \/ Directed by Alexandru Solomon \/ Photographed by Tudor Platon \/ Filmed in 2021 \/ 21 minutes.<\/p><\/div>[vc_video link=&#8221;https:\/\/youtu.be\/6_6PW9BZ7rs&#8221; el_width=&#8221;90&#8243; title=&#8221;Cum a aparut fenomenul Arsenie Boca?&#8221;]<div class=\"gt-testimonials gt-style-1 gt-light gt-align-left\"><div class=\"gt-grid gt-grid-1 gt-spacing-0\"><div class=\"gt-grid-col\"><div class=\"gt-item\"><div class=\"gt-name\"><span>Ilie Tudor, jurnalist<\/span><\/div><div class=\"gt-text\"><p>La \u00eenceputul anului 1999,  Ilie Tudor a publicat primul articol despre Arsenie Boca din presa central\u0103 rom\u00e2neasc\u0103. Articolul a ap\u0103rut \u00een num\u0103rul 354 din revista \u201eFormula As\u201d \u0219i este primul dintr-o serie pe care Ilie Tudor le-a scris \u00een urm\u0103torii 4-5 ani, cu mult \u00eenainte ca pelerinajele la Prislop s\u0103 devin\u0103 un fenomen de mas\u0103. Jurnalistul a declarat c\u0103 a fost inspirat de Daniil Stoenescu, ast\u0103zi episcop, pe atunci preot la Densu\u0219. \u00cencep\u00e2nd cu num\u0103rul 387 al Formulei AS, Ilie Tudor a \u00eenceput s\u0103 publice m\u0103rturii despre Arsenie Boca ale unor \u021b\u0103rani din zona F\u0103g\u0103ra\u0219ului. A\u0219a au \u00eenceput s\u0103 apar\u0103 relat\u0103ri despre presupusele miracole \u00eenf\u0103ptuite de Arsenie Boca. Abia din 2004-2005 \u00eencep s\u0103 apar\u0103 alte culegeri de interviuri despre p\u0103rintele Arsenie (culese de ASCOR \/ Asocia\u021bia Studen\u021bilor Cre\u0219tin-Ortodoc\u0219i din Cluj), iar tot atunci \u00eencepe \u0219i Daniil Stoenescu s\u0103 \u00eel promoveze public. Din perspectiva lui Ilie Tudor: \u201eLa finalul anilor 90, mii de oameni \u0219tiau de Arsenia Boca, fie c\u0103 erau din Prislop, Bucure\u0219ti sau \u021aara F\u0103g\u0103ra\u0219ului.  Tot atunci, disperarea social\u0103 era at\u00e2t de mare, \u00eenc\u00e2t era nevoie de un miracol. A fost nevoie de c\u00e2teva sc\u00e2ntei, lansate de un pu\u0219ti din pres\u0103, sub forma c\u00e2torva articole... Dup\u0103 un sfert de secol, cu mii de articole, zeci de c\u0103r\u021bi \u0219i zeci de mii de pelerinaje, p\u0103rintele Arsenie Boca, dac\u0103 ar fi inclus \u00eentr-un sondaj de popularitate sau \u00eencredere, ar uimi. La 34 de ani dup\u0103\u00a0moartea\u00a0sa!\u201d<\/p>\n<\/div><\/div><\/div><\/div><\/div>[vc_text_separator title=&#8221;Mai jos, pelerinii se confeseaza \/ Scroll below for our Pilgrims&#8217; Confessions&#8221; color=&#8221;white&#8221; border_width=&#8221;4&#8243; el_width=&#8221;70&#8243; css=&#8221;.vc_custom_1726565823581{margin-bottom: 1vh !important;padding-top: 3vh !important;padding-bottom: -2vh !important;background-color: #dddddd !important;border-radius: 2px !important;}&#8221;][\/vc_column][\/vc_row][vc_row][vc_column][vc_text_separator title=&#8221;Blog-ul lui Ilie Tudor&#8221; color=&#8221;custom&#8221; border_width=&#8221;2&#8243; accent_color=&#8221;#e00000&#8243; css=&#8221;.vc_custom_1689339626334{padding-top: 5vh !important;}&#8221;][\/vc_column][\/vc_row][vc_row][vc_column]<div class=\"gt-article-list\"><div class=\"gt-blog-list gt-style-1 gt-light gt-align-left\"><div class=\"gt-item\"><div class=\"gt-image\"><a href=\"https:\/\/arsenie.viatadeapoi.ro\/?p=4190\"><img loading=\"lazy\" decoding=\"async\" width=\"961\" height=\"654\" src=\"https:\/\/arsenie.viatadeapoi.ro\/wp-content\/uploads\/2023\/07\/Articol-A-B-1.png\" class=\"attachment-noxe-post-1 size-noxe-post-1 wp-post-image\" alt=\"\" srcset=\"https:\/\/arsenie.viatadeapoi.ro\/wp-content\/uploads\/2023\/07\/Articol-A-B-1.png 961w, https:\/\/arsenie.viatadeapoi.ro\/wp-content\/uploads\/2023\/07\/Articol-A-B-1-300x204.png 300w, https:\/\/arsenie.viatadeapoi.ro\/wp-content\/uploads\/2023\/07\/Articol-A-B-1-768x523.png 768w, https:\/\/arsenie.viatadeapoi.ro\/wp-content\/uploads\/2023\/07\/Articol-A-B-1-600x408.png 600w\" sizes=\"auto, (max-width: 961px) 100vw, 961px\" \/><\/a><\/div><div class=\"gt-content\"><div class=\"gt-title\"><a href=\"https:\/\/arsenie.viatadeapoi.ro\/?p=4190\">Un e-mail<\/a><\/div><div class=\"gt-details\"><ul><li class=\"gt-date\"><span>July 14, 2023<\/span><\/li><\/ul><\/div><div class=\"gt-excerpt\"><p>Numele meu este Tudor Ilie, sunt ziarist la \u201eFormula AS\u201d \u0219i am primit la redac\u021bie un mail de la un regizor, Alexandru Solomon, c\u0103 vrea...<\/p>\n<\/div><div class=\"gt-button gt-style-3\"><a href=\"https:\/\/arsenie.viatadeapoi.ro\/?p=4190\">Continue Reading<\/a><\/div><\/div><\/div><\/div><\/div>[vc_text_separator title=&#8221;PELERINII SE CONFESEAZA \/ PILGRIMS&#8217; CONFESSIONS&#8221; color=&#8221;mulled_wine&#8221; border_width=&#8221;3&#8243; el_width=&#8221;70&#8243; css=&#8221;.vc_custom_1726564560264{margin-top: 10px !important;padding-top: 5vh !important;}&#8221;]<div class=\"gt-noxe-slider gt-slider\"><div class=\"swiper-container gt-slider-container\" data-gt-item=\"1\" data-gt-item-group=\"1\" data-gt-item-space=\"5\" data-gt-loop=\"true\" data-gt-speed=\"1700\" data-gt-centered-slides=\"false\" data-gt-direction=\"horizontal\" data-gt-effect=\"slide\" data-gt-free-mode=\"false\" data-gt-lazy-loading=\"true\"><div class=\"swiper-wrapper\"><div class=\"swiper-slide\" data-swiper-autoplay=\"5000\"><div class=\"gt-item\"><div class=\"gt-image gt-background-position-default gt-background-attachment-default gt-background-size-default gt-background-repeat-default\" style=\"background-image:url(https:\/\/arsenie.viatadeapoi.ro\/wp-content\/uploads\/2020\/01\/Claudia-Lunca-1.jpg);\"><\/div><div class=\"gt-content gt-position-right-top gt-align-right\"><div class=\"gt-flex-container\"><div class=\"gt-inner\"><div class=\"gt-subtitle\" style=\"font-size: 32;line-height: 32;\">\u201e\u00cel privesc ca pe un om ca noi to\u021bi ceilal\u021bi...\u201d<\/div><div class=\"gt-title\" style=\"color: #751e15;\">Claudia<\/div><div class=\"gt-action\"><div class=\"gt-button gt-style-1 gt-light gt-inline-block\"><a href=\"https:\/\/www.facebook.com\/arseniefilmul\/videos\/128810976949061\" target=\"_blank\">video-confesional 1<\/a><\/div><\/div><\/div><\/div><\/div><\/div><\/div><div class=\"swiper-slide\" data-swiper-autoplay=\"5000\"><div class=\"gt-item\"><div class=\"gt-image gt-background-position-default gt-background-attachment-default gt-background-size-default gt-background-repeat-default\" style=\"background-image:url(https:\/\/arsenie.viatadeapoi.ro\/wp-content\/uploads\/2023\/08\/Mariana-Marele-1.jpg);\"><\/div><div class=\"gt-content gt-position-left-top gt-align-left\"><div class=\"gt-flex-container\"><div class=\"gt-inner\"><div class=\"gt-subtitle\" style=\"font-size: 32;line-height: 28;\">A ap\u0103rut P\u0103rintele Arsenie \u0219i mi-a spus \u201chai cu mine, am nevoie s\u0103-\u021bi fac ni\u0219te ajust\u0103ri...\u201d<\/div><div class=\"gt-title\" style=\"color: #910000;\">Mariana<\/div><div class=\"gt-action\"><div class=\"gt-button gt-style-1 gt-light gt-inline-block\"><a href=\"https:\/\/www.facebook.com\/arseniefilmul\/videos\/934342104296877\" target=\"_blank\">video-confesional 2<\/a><\/div><\/div><\/div><\/div><\/div><\/div><\/div><div class=\"swiper-slide\" data-swiper-autoplay=\"5000\"><div class=\"gt-item\"><div class=\"gt-image gt-background-position-default gt-background-attachment-default gt-background-size-default gt-background-repeat-default\" style=\"background-image:url(https:\/\/arsenie.viatadeapoi.ro\/wp-content\/uploads\/2023\/08\/Natalia-Gorohovscaia-3.jpg);\"><\/div><div class=\"gt-content gt-position-left-top gt-align-left\"><div class=\"gt-flex-container\"><div class=\"gt-inner\"><div class=\"gt-subtitle\" style=\"margin: 1;font-size: 32;line-height: 32;color: #ffffff;\">\u201eChiar dac\u0103 este un efect placebo, lumea crede...\u201d<\/div><div class=\"gt-title\" style=\"margin: 2;color: #ce7b00;\">Natalia<\/div><div class=\"gt-action\"><div class=\"gt-button gt-style-1 gt-light gt-inline-block\"><a href=\"https:\/\/www.facebook.com\/arseniefilmul\/videos\/832841308468558\" target=\"_blank\">video-confesional 3<\/a><\/div><\/div><\/div><\/div><\/div><\/div><\/div><div class=\"swiper-slide\" data-swiper-autoplay=\"5000\"><div class=\"gt-item\"><div class=\"gt-image gt-background-position-default gt-background-attachment-default gt-background-size-default gt-background-repeat-default\" style=\"background-image:url(https:\/\/arsenie.viatadeapoi.ro\/wp-content\/uploads\/2023\/08\/Cosmin-Neculau.jpg);\"><\/div><div class=\"gt-content gt-position-right-top gt-align-right\"><div class=\"gt-flex-container\"><div class=\"gt-inner\"><div class=\"gt-subtitle\" style=\"font-size: 32;line-height: 22;\">\u201eM\u0103 simt doar pu\u021bin trist c\u0103 oamenii nu pun la \u00eendoial\u0103 anumite lucruri...\u201d<\/div><div class=\"gt-title\" style=\"color: #dbd120;\">Cosmin<\/div><div class=\"gt-action\"><div class=\"gt-button gt-style-1 gt-light gt-inline-block\"><a href=\"https:\/\/www.facebook.com\/reel\/681558617347484\" target=\"_blank\">video-confesional 4<\/a><\/div><\/div><\/div><\/div><\/div><\/div><\/div><div class=\"swiper-slide\" data-swiper-autoplay=\"5000\"><div class=\"gt-item\"><div class=\"gt-image gt-background-position-default gt-background-attachment-default gt-background-size-default gt-background-repeat-default\" style=\"background-image:url(https:\/\/arsenie.viatadeapoi.ro\/wp-content\/uploads\/2023\/08\/Tanta-Florea.jpg);\"><\/div><div class=\"gt-content gt-position-left-top gt-align-left\"><div class=\"gt-flex-container\"><div class=\"gt-inner\"><div class=\"gt-subtitle\" style=\"margin: 1;font-size: 32;line-height: 25;color: #ffffff;\">\u201e\u00cemi pun \u00eentrebarea de ce Biserica Ortodox\u0103 nu-l canonizeaz\u0103...\u201d<\/div><div class=\"gt-title\" style=\"margin: 2;color: #d1a000;\">Tan\u021ba<\/div><div class=\"gt-action\"><div class=\"gt-button gt-style-1 gt-light gt-inline-block\"><a href=\"https:\/\/www.facebook.com\/reel\/271828938939429\" target=\"_blank\">video-confesional 5<\/a><\/div><\/div><\/div><\/div><\/div><\/div><\/div><\/div><div class=\"gt-slider-navigation gt-style-1 gt-position-left-center\"><div class=\"gt-slider-prev\"><svg xmlns=\"https:\/\/www.w3.org\/2000\/svg\" width=\"24\" height=\"24\" viewBox=\"0 0 24 24\" fill=\"none\" stroke=\"currentColor\" stroke-width=\"2\" stroke-linecap=\"round\" stroke-linejoin=\"round\" class=\"feather feather-arrow-left\"><line x1=\"19\" y1=\"12\" x2=\"5\" y2=\"12\"><\/line><polyline points=\"12 19 5 12 12 5\"><\/polyline><\/svg><\/div><div class=\"gt-slider-next\"><svg xmlns=\"https:\/\/www.w3.org\/2000\/svg\" width=\"24\" height=\"24\" viewBox=\"0 0 24 24\" fill=\"none\" stroke=\"currentColor\" stroke-width=\"2\" stroke-linecap=\"round\" stroke-linejoin=\"round\" class=\"feather feather-arrow-right\"><line x1=\"5\" y1=\"12\" x2=\"19\" y2=\"12\"><\/line><polyline points=\"12 5 19 12 12 19\"><\/polyline><\/svg><\/div><\/div><\/div><\/div>[\/vc_column][\/vc_row]<\/p>\n<\/section>","protected":false},"excerpt":{"rendered":"<p>[vc_row content_placement=&#8221;top&#8221; css=&#8221;.vc_custom_1689366066201{margin-top: -30vh !important;}&#8221;][vc_column css=&#8221;.vc_custom_1701113973640{margin-top: 20vh !important;}&#8221;][vc_video link=&#8221;https:\/\/youtu.be\/6_6PW9BZ7rs&#8221; el_width=&#8221;90&#8243; title=&#8221;Cum a aparut fenomenul Arsenie Boca?&#8221;][vc_text_separator title=&#8221;Mai jos, pelerinii se confeseaza \/ Scroll below for&#8230;<\/p>\n","protected":false},"author":1,"featured_media":4180,"parent":0,"menu_order":0,"comment_status":"closed","ping_status":"closed","template":"","meta":{"footnotes":""},"class_list":["post-4052","page","type-page","status-publish","has-post-thumbnail","hentry"],"_links":{"self":[{"href":"https:\/\/arsenie.viatadeapoi.ro\/index.php?rest_route=\/wp\/v2\/pages\/4052","targetHints":{"allow":["GET"]}}],"collection":[{"href":"https:\/\/arsenie.viatadeapoi.ro\/index.php?rest_route=\/wp\/v2\/pages"}],"about":[{"href":"https:\/\/arsenie.viatadeapoi.ro\/index.php?rest_route=\/wp\/v2\/types\/page"}],"author":[{"embeddable":true,"href":"https:\/\/arsenie.viatadeapoi.ro\/index.php?rest_route=\/wp\/v2\/users\/1"}],"replies":[{"embeddable":true,"href":"https:\/\/arsenie.viatadeapoi.ro\/index.php?rest_route=%2Fwp%2Fv2%2Fcomments&post=4052"}],"version-history":[{"count":61,"href":"https:\/\/arsenie.viatadeapoi.ro\/index.php?rest_route=\/wp\/v2\/pages\/4052\/revisions"}],"predecessor-version":[{"id":4481,"href":"https:\/\/arsenie.viatadeapoi.ro\/index.php?rest_route=\/wp\/v2\/pages\/4052\/revisions\/4481"}],"wp:featuredmedia":[{"embeddable":true,"href":"https:\/\/arsenie.viatadeapoi.ro\/index.php?rest_route=\/wp\/v2\/media\/4180"}],"wp:attachment":[{"href":"https:\/\/arsenie.viatadeapoi.ro\/index.php?rest_route=%2Fwp%2Fv2%2Fmedia&parent=4052"}],"curies":[{"name":"wp","href":"https:\/\/api.w.org\/{rel}","templated":true}]}}