{"id":515,"date":"2020-02-07T11:41:09","date_gmt":"2020-02-07T11:41:09","guid":{"rendered":"https:\/\/demo.gloriathemes.com\/noxe\/demo\/?page_id=515"},"modified":"2024-09-17T09:25:01","modified_gmt":"2024-09-17T09:25:01","slug":"blog-2","status":"publish","type":"page","link":"https:\/\/arsenie.viatadeapoi.ro\/?page_id=515","title":{"rendered":"Presa \/ Press"},"content":{"rendered":"<section class=\"wpb-content-wrapper\"><p>[vc_row css=&#8221;.vc_custom_1689266440995{margin-top: 50px !important;margin-bottom: 50px !important;}&#8221;][vc_column][vc_text_separator title=&#8221;Scroll down for Arsenie, seen by Romanian artists&#8221; title_align=&#8221;separator_align_left&#8221;]<div class=\"gt-article-list\"><div class=\"gt-blog-list gt-style-4 gt-light gt-align-left\"><div class=\"gt-item\"><div class=\"gt-image\"><a href=\"https:\/\/arsenie.viatadeapoi.ro\/?p=4470\"><img loading=\"lazy\" decoding=\"async\" width=\"415\" height=\"280\" src=\"https:\/\/arsenie.viatadeapoi.ro\/wp-content\/uploads\/2024\/08\/Screenshot_20240730_174330_YouTube-1536x802-1-415x280.jpg\" class=\"attachment-noxe-post-3 size-noxe-post-3 wp-post-image\" alt=\"\" \/><\/a><\/div><div class=\"gt-content\"><div class=\"gt-categories\"><ul class=\"post-categories\">\n\t<li><a href=\"https:\/\/arsenie.viatadeapoi.ro\/?cat=17\" rel=\"category\">Festivals<\/a><\/li>\n\t<li><a href=\"https:\/\/arsenie.viatadeapoi.ro\/?cat=322\" rel=\"category\">Press<\/a><\/li><\/ul><\/div><div class=\"gt-title\"><a href=\"https:\/\/arsenie.viatadeapoi.ro\/?p=4470\">Myth and Reality in Romania<\/a><\/div><div class=\"gt-details\"><ul><li class=\"gt-author\"><span>by<\/span><a href=\"https:\/\/arsenie.viatadeapoi.ro\/?author=1\">aruser<\/a><\/li><li class=\"gt-date\"><span>August 27, 2024<\/span><\/li><li class=\"gt-comments\"><a href=\"https:\/\/arsenie.viatadeapoi.ro\/?p=4470#comments\">0 Comment<\/a><\/li><\/ul><\/div><div class=\"gt-excerpt\"><p>Lucija Furac on Alexandru Solomon\u2019s\u00a0Arsenie: An Amazing Afterlife\u00a0from the 2024 Zagreb DOX regional competition [&#8230;] One may suggest Solomon deals here with what is known...<\/p>\n<\/div><\/div><\/div><div class=\"gt-item\"><div class=\"gt-image\"><a href=\"https:\/\/arsenie.viatadeapoi.ro\/?p=4436\"><img loading=\"lazy\" decoding=\"async\" width=\"415\" height=\"280\" src=\"https:\/\/arsenie.viatadeapoi.ro\/wp-content\/uploads\/2023\/11\/Arsenie_Cinema-City-2-415x280.jpg\" class=\"attachment-noxe-post-3 size-noxe-post-3 wp-post-image\" alt=\"\" \/><\/a><\/div><div class=\"gt-content\"><div class=\"gt-categories\"><ul class=\"post-categories\">\n\t<li><a href=\"https:\/\/arsenie.viatadeapoi.ro\/?cat=322\" rel=\"category\">Press<\/a><\/li><\/ul><\/div><div class=\"gt-title\"><a href=\"https:\/\/arsenie.viatadeapoi.ro\/?p=4436\">Chronicle of an Exciting Summer or Some of the Things We Forgot about Cinema-verit\u00e9<\/a><\/div><div class=\"gt-details\"><ul><li class=\"gt-author\"><span>by<\/span><a href=\"https:\/\/arsenie.viatadeapoi.ro\/?author=1\">aruser<\/a><\/li><li class=\"gt-date\"><span>November 9, 2023<\/span><\/li><li class=\"gt-comments\"><a href=\"https:\/\/arsenie.viatadeapoi.ro\/?p=4436#comments\">0 Comment<\/a><\/li><\/ul><\/div><div class=\"gt-excerpt\"><p>Read the whole article on Films in Frame: I revisited Rouch and Morin\u2019s film (at the invitation of the\u00a0After x Image visual culture festival) at...<\/p>\n<\/div><\/div><\/div><div class=\"gt-item\"><div class=\"gt-image\"><a href=\"https:\/\/arsenie.viatadeapoi.ro\/?p=4416\"><img loading=\"lazy\" decoding=\"async\" width=\"415\" height=\"280\" src=\"https:\/\/arsenie.viatadeapoi.ro\/wp-content\/uploads\/2023\/10\/Arsenie_Viata-de-Apoi_Foto-Grup-cu-Picturi-415x280.jpg\" class=\"attachment-noxe-post-3 size-noxe-post-3 wp-post-image\" alt=\"\" \/><\/a><\/div><div class=\"gt-content\"><div class=\"gt-categories\"><ul class=\"post-categories\">\n\t<li><a href=\"https:\/\/arsenie.viatadeapoi.ro\/?cat=319\" rel=\"category\">Presa<\/a><\/li>\n\t<li><a href=\"https:\/\/arsenie.viatadeapoi.ro\/?cat=322\" rel=\"category\">Press<\/a><\/li><\/ul><\/div><div class=\"gt-title\"><a href=\"https:\/\/arsenie.viatadeapoi.ro\/?p=4416\">Cronica unei veri palpitante. Sau ceea ce am uitat despre cinema-verit\u00e9<\/a><\/div><div class=\"gt-details\"><ul><li class=\"gt-author\"><span>by<\/span><a href=\"https:\/\/arsenie.viatadeapoi.ro\/?author=1\">aruser<\/a><\/li><li class=\"gt-date\"><span>October 18, 2023<\/span><\/li><li class=\"gt-comments\"><a href=\"https:\/\/arsenie.viatadeapoi.ro\/?p=4416#comments\">0 Comment<\/a><\/li><\/ul><\/div><div class=\"gt-excerpt\"><p>Aici intervine \u0219i preten\u021bia de obiectivitate, care planeaz\u0103 mereu asupra documentarului. Mi se pare c\u0103 e mai corect s\u0103-\u021bi explici transparent pozi\u021bia (subiectiv\u0103, ca a...<\/p>\n<\/div><\/div><\/div><div class=\"gt-item\"><div class=\"gt-image\"><a href=\"https:\/\/arsenie.viatadeapoi.ro\/?p=4389\"><img loading=\"lazy\" decoding=\"async\" width=\"415\" height=\"280\" src=\"https:\/\/arsenie.viatadeapoi.ro\/wp-content\/uploads\/2023\/09\/Bucuresti_avanpremiera-1-415x280.jpg\" class=\"attachment-noxe-post-3 size-noxe-post-3 wp-post-image\" alt=\"Avanpremiera Elvire Popesco 29 august\" \/><\/a><\/div><div class=\"gt-content\"><div class=\"gt-categories\"><ul class=\"post-categories\">\n\t<li><a href=\"https:\/\/arsenie.viatadeapoi.ro\/?cat=319\" rel=\"category\">Presa<\/a><\/li>\n\t<li><a href=\"https:\/\/arsenie.viatadeapoi.ro\/?cat=322\" rel=\"category\">Press<\/a><\/li><\/ul><\/div><div class=\"gt-title\"><a href=\"https:\/\/arsenie.viatadeapoi.ro\/?p=4389\">Boca, Solomon \u0219i Infernul Rom\u00e2niei e\u0219uate. Tandre\u021bea lui Boca \u0219i Solomon pentru oamenii lor c\u0103l\u0103tori<\/a><\/div><div class=\"gt-details\"><ul><li class=\"gt-author\"><span>by<\/span><a href=\"https:\/\/arsenie.viatadeapoi.ro\/?author=1\">aruser<\/a><\/li><li class=\"gt-date\"><span>September 3, 2023<\/span><\/li><li class=\"gt-comments\"><a href=\"https:\/\/arsenie.viatadeapoi.ro\/?p=4389#comments\">0 Comment<\/a><\/li><\/ul><\/div><div class=\"gt-excerpt\"><p>Rom\u00e2nul are o via\u021b\u0103 lung\u0103 de tr\u0103it dup\u0103 moartea lui Arsenie Boca. Ce draq s\u0103 fac\u0103 cu ea? Pe ce s\u0103 se bazeze? La r\u0103u...<\/p>\n<\/div><\/div><\/div><div class=\"gt-item\"><div class=\"gt-image\"><a href=\"https:\/\/arsenie.viatadeapoi.ro\/?p=4372\"><img loading=\"lazy\" decoding=\"async\" width=\"415\" height=\"280\" src=\"https:\/\/arsenie.viatadeapoi.ro\/wp-content\/uploads\/2023\/09\/Anonimul-1-e1693746709542-415x280.jpg\" class=\"attachment-noxe-post-3 size-noxe-post-3 wp-post-image\" alt=\"Festivalul Anonimul\" \/><\/a><\/div><div class=\"gt-content\"><div class=\"gt-categories\"><ul class=\"post-categories\">\n\t<li><a href=\"https:\/\/arsenie.viatadeapoi.ro\/?cat=324\" rel=\"category\">Interviuri<\/a><\/li>\n\t<li><a href=\"https:\/\/arsenie.viatadeapoi.ro\/?cat=319\" rel=\"category\">Presa<\/a><\/li><\/ul><\/div><div class=\"gt-title\"><a href=\"https:\/\/arsenie.viatadeapoi.ro\/?p=4372\">\u201ePerversitatea\u00a0statului rom\u00e2n e c\u0103 \u00eei \u00eempinge\u00a0pe oameni s\u0103 nu mai spere nimic de la sistemul public\u201d<\/a><\/div><div class=\"gt-details\"><ul><li class=\"gt-author\"><span>by<\/span><a href=\"https:\/\/arsenie.viatadeapoi.ro\/?author=1\">aruser<\/a><\/li><li class=\"gt-date\"><span>September 2, 2023<\/span><\/li><li class=\"gt-comments\"><a href=\"https:\/\/arsenie.viatadeapoi.ro\/?p=4372#comments\">0 Comment<\/a><\/li><\/ul><\/div><div class=\"gt-excerpt\"><p>Noul documentar &amp; road movie al lui Alexandru Solomon, \u201eArsenie. Via\u021ba de apoi\u201d, este \u201eca un microbuz social \u00een care s\u0103 ne putem vorbi, chiar...<\/p>\n<\/div><\/div><\/div><div class=\"gt-item\"><div class=\"gt-image\"><a href=\"https:\/\/arsenie.viatadeapoi.ro\/?p=4302\"><img loading=\"lazy\" decoding=\"async\" width=\"415\" height=\"280\" src=\"https:\/\/arsenie.viatadeapoi.ro\/wp-content\/uploads\/2023\/07\/Arsenie_Viata-de-Apoi_Foto-Cazanesti-415x280.jpg\" class=\"attachment-noxe-post-3 size-noxe-post-3 wp-post-image\" alt=\"\" \/><\/a><\/div><div class=\"gt-content\"><div class=\"gt-categories\"><ul class=\"post-categories\">\n\t<li><a href=\"https:\/\/arsenie.viatadeapoi.ro\/?cat=324\" rel=\"category\">Interviuri<\/a><\/li>\n\t<li><a href=\"https:\/\/arsenie.viatadeapoi.ro\/?cat=319\" rel=\"category\">Presa<\/a><\/li><\/ul><\/div><div class=\"gt-title\"><a href=\"https:\/\/arsenie.viatadeapoi.ro\/?p=4302\">Arsenie Boca, \u00eentre \u201ehate\u201d \u0219i \u201elove\u201d<\/a><\/div><div class=\"gt-details\"><ul><li class=\"gt-author\"><span>by<\/span><a href=\"https:\/\/arsenie.viatadeapoi.ro\/?author=1\">aruser<\/a><\/li><li class=\"gt-date\"><span>August 14, 2023<\/span><\/li><li class=\"gt-comments\"><a href=\"https:\/\/arsenie.viatadeapoi.ro\/?p=4302#comments\">0 Comment<\/a><\/li><\/ul><\/div><div class=\"gt-excerpt\"><p>Unul din spectatori a spus la final c\u0103 prin abordarea aleas\u0103 pentru documentar, Alexandru Solomon va avea parte at\u00e2t de \u201chate\u201d c\u00e2t \u0219i de \u201clove\u201d....<\/p>\n<\/div><\/div><\/div><div class=\"gt-item\"><div class=\"gt-image\"><a href=\"https:\/\/arsenie.viatadeapoi.ro\/?p=4227\"><img loading=\"lazy\" decoding=\"async\" width=\"415\" height=\"280\" src=\"https:\/\/arsenie.viatadeapoi.ro\/wp-content\/uploads\/2023\/07\/Karlovy-Vary_Poster-wall-415x280.jpg\" class=\"attachment-noxe-post-3 size-noxe-post-3 wp-post-image\" alt=\"Karlovy Vary\" \/><\/a><\/div><div class=\"gt-content\"><div class=\"gt-categories\"><ul class=\"post-categories\">\n\t<li><a href=\"https:\/\/arsenie.viatadeapoi.ro\/?cat=17\" rel=\"category\">Festivals<\/a><\/li>\n\t<li><a href=\"https:\/\/arsenie.viatadeapoi.ro\/?cat=18\" rel=\"category\">Interviews<\/a><\/li>\n\t<li><a href=\"https:\/\/arsenie.viatadeapoi.ro\/?cat=322\" rel=\"category\">Press<\/a><\/li><\/ul><\/div><div class=\"gt-title\"><a href=\"https:\/\/arsenie.viatadeapoi.ro\/?p=4227\">Cineuropa in Karlovy Vary<\/a><\/div><div class=\"gt-details\"><ul><li class=\"gt-author\"><span>by<\/span><a href=\"https:\/\/arsenie.viatadeapoi.ro\/?author=1\">aruser<\/a><\/li><li class=\"gt-date\"><span>July 14, 2023<\/span><\/li><li class=\"gt-comments\"><a href=\"https:\/\/arsenie.viatadeapoi.ro\/?p=4227#comments\">0 Comment<\/a><\/li><\/ul><\/div><div class=\"gt-excerpt\"><p>&#8220;I hope that instead of seeking salvation in Heaven, we begin to correct issues here on Earth&#8221; &#8211; an interview by Ana Stanic<\/p>\n<\/div><\/div><\/div><div class=\"gt-item\"><div class=\"gt-image\"><a href=\"https:\/\/arsenie.viatadeapoi.ro\/?p=4062\"><img loading=\"lazy\" decoding=\"async\" width=\"415\" height=\"280\" src=\"https:\/\/arsenie.viatadeapoi.ro\/wp-content\/uploads\/2023\/07\/films_in_frame_interviu_saddo-scaled-1-415x280.jpg\" class=\"attachment-noxe-post-3 size-noxe-post-3 wp-post-image\" alt=\"\" \/><\/a><\/div><div class=\"gt-content\"><div class=\"gt-categories\"><ul class=\"post-categories\">\n\t<li><a href=\"https:\/\/arsenie.viatadeapoi.ro\/?cat=324\" rel=\"category\">Interviuri<\/a><\/li>\n\t<li><a href=\"https:\/\/arsenie.viatadeapoi.ro\/?cat=319\" rel=\"category\">Presa<\/a><\/li><\/ul><\/div><div class=\"gt-title\"><a href=\"https:\/\/arsenie.viatadeapoi.ro\/?p=4062\">Ce po\u021bi afla despre Arsenie Boca dintr-un portret ilustrat de SADDO<\/a><\/div><div class=\"gt-details\"><ul><li class=\"gt-author\"><span>by<\/span><a href=\"https:\/\/arsenie.viatadeapoi.ro\/?author=1\">aruser<\/a><\/li><li class=\"gt-date\"><span>July 9, 2023<\/span><\/li><li class=\"gt-comments\"><a href=\"https:\/\/arsenie.viatadeapoi.ro\/?p=4062#comments\">0 Comment<\/a><\/li><\/ul><\/div><div class=\"gt-excerpt\"><p>C\u00e2nd am v\u0103zut poster-ul realizat pentru filmul&nbsp;Arsenie. Via\u021ba de apoi, cel mai nou documentar semnat de Alecu Solomon, care a fost proiectat vara asta la...<\/p>\n<\/div><\/div><\/div><div class=\"gt-item\"><div class=\"gt-image\"><a href=\"https:\/\/arsenie.viatadeapoi.ro\/?p=4034\"><img loading=\"lazy\" decoding=\"async\" width=\"415\" height=\"280\" src=\"https:\/\/arsenie.viatadeapoi.ro\/wp-content\/uploads\/2023\/07\/Arsenie_Viata-de-Apoi_Foto-Dialog-si-Pieta-415x280.jpg\" class=\"attachment-noxe-post-3 size-noxe-post-3 wp-post-image\" alt=\"\" \/><\/a><\/div><div class=\"gt-content\"><div class=\"gt-categories\"><ul class=\"post-categories\">\n\t<li><a href=\"https:\/\/arsenie.viatadeapoi.ro\/?cat=322\" rel=\"category\">Press<\/a><\/li><\/ul><\/div><div class=\"gt-title\"><a href=\"https:\/\/arsenie.viatadeapoi.ro\/?p=4034\">Unexplainable Orthodoxies in Arsenie. An Amazing Afterlife<\/a><\/div><div class=\"gt-details\"><ul><li class=\"gt-author\"><span>by<\/span><a href=\"https:\/\/arsenie.viatadeapoi.ro\/?author=1\">aruser<\/a><\/li><li class=\"gt-date\"><span>July 9, 2023<\/span><\/li><li class=\"gt-comments\"><a href=\"https:\/\/arsenie.viatadeapoi.ro\/?p=4034#comments\">0 Comment<\/a><\/li><\/ul><\/div><div class=\"gt-excerpt\"><p>July 2, 2023 \/ Journey Into Cinema Redmond Bacon Seasoned documentarian Alexandru Solomon begins Proxima Competition entry&nbsp;Arsenie. An Amazing Afterlife&nbsp;(2023)with a priest bemoaning homosexuality\u2019s effect...<\/p>\n<\/div><\/div><\/div><div class=\"gt-item\"><div class=\"gt-image\"><a href=\"https:\/\/arsenie.viatadeapoi.ro\/?p=4029\"><img loading=\"lazy\" decoding=\"async\" width=\"415\" height=\"280\" src=\"https:\/\/arsenie.viatadeapoi.ro\/wp-content\/uploads\/2023\/07\/Arsenie_Viata-de-Apoi_Foto-Icoane-415x280.png\" class=\"attachment-noxe-post-3 size-noxe-post-3 wp-post-image\" alt=\"Tarabele de la Prislop\" \/><\/a><\/div><div class=\"gt-content\"><div class=\"gt-categories\"><ul class=\"post-categories\">\n\t<li><a href=\"https:\/\/arsenie.viatadeapoi.ro\/?cat=319\" rel=\"category\">Presa<\/a><\/li><\/ul><\/div><div class=\"gt-title\"><a href=\"https:\/\/arsenie.viatadeapoi.ro\/?p=4029\">Films in Frame<\/a><\/div><div class=\"gt-details\"><ul><li class=\"gt-author\"><span>by<\/span><a href=\"https:\/\/arsenie.viatadeapoi.ro\/?author=1\">aruser<\/a><\/li><li class=\"gt-date\"><span>July 9, 2023<\/span><\/li><li class=\"gt-comments\"><a href=\"https:\/\/arsenie.viatadeapoi.ro\/?p=4029#comments\">0 Comment<\/a><\/li><\/ul><\/div><div class=\"gt-excerpt\"><p>Extras din articolul \u201eHalf-time: Cum arat\u0103 cinemaul rom\u00e2nesc la jum\u0103tatea anului? | The State of Cinema\u201d [&#8230;] C\u0103 veni vorba de obsesii locale, e un...<\/p>\n<\/div><\/div><\/div><\/div><\/div><div class=\"gt-pagination gt-style-1 gt-light gt-align-center\"><ul class='page-numbers'>\n\t<li><span aria-current=\"page\" class=\"page-numbers current\">1<\/span><\/li>\n\t<li><a class=\"page-numbers\" href=\"https:\/\/arsenie.viatadeapoi.ro\/index.php\/?paged=2&#038;rest_route=%2Fwp%2Fv2%2Fpages%2F515\">2<\/a><\/li>\n\t<li><a class=\"next page-numbers\" href=\"https:\/\/arsenie.viatadeapoi.ro\/index.php\/?paged=2&#038;rest_route=%2Fwp%2Fv2%2Fpages%2F515\">Next<\/a><\/li>\n<\/ul>\n<\/div>[\/vc_column][vc_column][\/vc_column][\/vc_row][vc_row full_width=&#8221;stretch_row_content&#8221; content_placement=&#8221;middle&#8221;][vc_column][vc_media_grid gap=&#8221;30&#8243; item=&#8221;basicGrid_NoAnimation&#8221; grid_id=&#8221;vc_gid:1726564680116-76e116d3d0609d9d76f4aa87eeb1a04a-1&#8243; include=&#8221;4356,4357,4358,4359,4360,4361,4362,4363,4364&#8243;][\/vc_column][\/vc_row]<\/p>\n<\/section>","protected":false},"excerpt":{"rendered":"<p>[vc_row css=&#8221;.vc_custom_1689266440995{margin-top: 50px !important;margin-bottom: 50px !important;}&#8221;][vc_column][vc_text_separator title=&#8221;Scroll down for Arsenie, seen by Romanian artists&#8221; title_align=&#8221;separator_align_left&#8221;][\/vc_column][vc_column][\/vc_column][\/vc_row][vc_row full_width=&#8221;stretch_row_content&#8221; content_placement=&#8221;middle&#8221;][vc_column][vc_media_grid gap=&#8221;30&#8243; item=&#8221;basicGrid_NoAnimation&#8221; grid_id=&#8221;vc_gid:1726564680116-76e116d3d0609d9d76f4aa87eeb1a04a-1&#8243; include=&#8221;4356,4357,4358,4359,4360,4361,4362,4363,4364&#8243;][\/vc_column][\/vc_row]<\/p>\n","protected":false},"author":1,"featured_media":4284,"parent":0,"menu_order":0,"comment_status":"closed","ping_status":"closed","template":"","meta":{"footnotes":""},"class_list":["post-515","page","type-page","status-publish","has-post-thumbnail","hentry"],"_links":{"self":[{"href":"https:\/\/arsenie.viatadeapoi.ro\/index.php?rest_route=\/wp\/v2\/pages\/515","targetHints":{"allow":["GET"]}}],"collection":[{"href":"https:\/\/arsenie.viatadeapoi.ro\/index.php?rest_route=\/wp\/v2\/pages"}],"about":[{"href":"https:\/\/arsenie.viatadeapoi.ro\/index.php?rest_route=\/wp\/v2\/types\/page"}],"author":[{"embeddable":true,"href":"https:\/\/arsenie.viatadeapoi.ro\/index.php?rest_route=\/wp\/v2\/users\/1"}],"replies":[{"embeddable":true,"href":"https:\/\/arsenie.viatadeapoi.ro\/index.php?rest_route=%2Fwp%2Fv2%2Fcomments&post=515"}],"version-history":[{"count":16,"href":"https:\/\/arsenie.viatadeapoi.ro\/index.php?rest_route=\/wp\/v2\/pages\/515\/revisions"}],"predecessor-version":[{"id":4480,"href":"https:\/\/arsenie.viatadeapoi.ro\/index.php?rest_route=\/wp\/v2\/pages\/515\/revisions\/4480"}],"wp:featuredmedia":[{"embeddable":true,"href":"https:\/\/arsenie.viatadeapoi.ro\/index.php?rest_route=\/wp\/v2\/media\/4284"}],"wp:attachment":[{"href":"https:\/\/arsenie.viatadeapoi.ro\/index.php?rest_route=%2Fwp%2Fv2%2Fmedia&parent=515"}],"curies":[{"name":"wp","href":"https:\/\/api.w.org\/{rel}","templated":true}]}}